{"id":2061,"date":"2022-11-15T09:06:10","date_gmt":"2022-11-15T09:06:10","guid":{"rendered":"https:\/\/www.stailerai.at\/?page_id=2061"},"modified":"2022-11-15T09:06:11","modified_gmt":"2022-11-15T09:06:11","slug":"ueber-uns","status":"publish","type":"page","link":"https:\/\/www.stailerai.at\/en\/ueber-uns\/","title":{"rendered":"\u00dcber uns"},"content":{"rendered":"<div id=\"pl-2061\"  class=\"panel-layout\" ><div id=\"pg-2061-0\"  class=\"panel-grid panel-has-style\" ><div class=\"page-nav siteorigin-panels-stretch panel-row-style panel-row-style-for-2061-0\" data-stretch-type=\"full-stretched\" ><div id=\"pgc-2061-0-0\"  class=\"panel-grid-cell\" ><div id=\"panel-2061-0-0-0\" class=\"so-panel widget widget_sow-editor panel-first-child panel-last-child\" data-index=\"0\" ><div id=\"page-nav\" class=\"panel-widget-style panel-widget-style-for-2061-0-0-0\" ><div\n\t\t\t\n\t\t\tclass=\"so-widget-sow-editor so-widget-sow-editor-base\"\n\t\t\t\n\t\t>\n<div class=\"siteorigin-widget-tinymce textwidget\">\n\t<h1>About us<\/h1>\n<ul role=\"tablist\">\n<li><a class=\"nav-link\" href=\"#dieStailerai\">The Stailerei<\/a><\/li>\n<li><a class=\"nav-link\" href=\"#unserTeam\">Our Team<\/a><\/li>\n<\/ul>\n<\/div>\n<\/div><\/div><\/div><\/div><\/div><\/div><div id=\"pg-2061-1\"  class=\"panel-grid panel-has-style\" ><div class=\"content-section siteorigin-panels-stretch panel-row-style panel-row-style-for-2061-1\" id=\"dieStailerai\" data-stretch-type=\"full-stretched\" ><div id=\"pgc-2061-1-0\"  class=\"panel-grid-cell\" ><div id=\"panel-2061-1-0-0\" class=\"so-panel widget widget_text panel-first-child panel-last-child\" data-index=\"1\" >\t\t\t<div class=\"textwidget\"><div id=\"carouseUeberUns\" class=\"carousel slide\" data-ride=\"carousel\">\r\n    <ol class=\"carousel-indicators\">\r\n                    <li data-target=\"#carouselUeber-uns\" class=\"active\">\r\n                1 \/ 5            <\/li>\r\n                    <li data-target=\"#carouselUeber-uns\" class=\"\">\r\n                2 \/ 5            <\/li>\r\n                    <li data-target=\"#carouselUeber-uns\" class=\"\">\r\n                3 \/ 5            <\/li>\r\n                    <li data-target=\"#carouselUeber-uns\" class=\"\">\r\n                4 \/ 5            <\/li>\r\n                    <li data-target=\"#carouselUeber-uns\" class=\"\">\r\n                5 \/ 5            <\/li>\r\n            <\/ol>\r\n    <div class=\"carousel-inner\">\r\n                    <div class=\"carousel-item active\" style=\"background-image: url(https:\/\/www.stailerai.at\/wp-content\/uploads\/2017\/12\/Bildschirmfoto-2017-12-04-um-11.12.11.png)\"><\/div>\r\n                    <div class=\"carousel-item \" style=\"background-image: url(https:\/\/www.stailerai.at\/wp-content\/uploads\/2017\/11\/Stailerai020-1024x682.jpg)\"><\/div>\r\n                    <div class=\"carousel-item \" style=\"background-image: url(https:\/\/www.stailerai.at\/wp-content\/uploads\/2017\/12\/stefan.jpg)\"><\/div>\r\n                    <div class=\"carousel-item \" style=\"background-image: url(https:\/\/www.stailerai.at\/wp-content\/uploads\/2017\/12\/Bildschirmfoto-2017-12-04-um-11.10.59.png)\"><\/div>\r\n                    <div class=\"carousel-item \" style=\"background-image: url(https:\/\/www.stailerai.at\/wp-content\/uploads\/2017\/12\/Bildschirmfoto-2017-12-04-um-11.08.01.png)\"><\/div>\r\n         \r\n    <\/div>\r\n    <a class=\"carousel-control-prev\" href=\"#carouseUeberUns\" role=\"button\" data-slide=\"prev\">\r\n        <span>< zur\u00fcck<\/span>\r\n    <\/a>\r\n    <a class=\"carousel-control-next\" href=\"#carouseUeberUns\" role=\"button\" data-slide=\"next\">\r\n        <span>weiter ><\/span>\r\n    <\/a>\r\n<\/div>\n<\/div>\n\t\t<\/div><\/div><div id=\"pgc-2061-1-1\"  class=\"panel-grid-cell\" ><div id=\"panel-2061-1-1-0\" class=\"so-panel widget widget_sow-editor panel-first-child panel-last-child\" data-index=\"2\" ><div\n\t\t\t\n\t\t\tclass=\"so-widget-sow-editor so-widget-sow-editor-base\"\n\t\t\t\n\t\t>\n<div class=\"siteorigin-widget-tinymce textwidget\">\n\t<h2>WELCOME TO THE STAILERAI<\/h2>\n<p>Here, on 200 m2, everything revolves around the perfect style for sports &amp; action in the mountain world. From our passion for the alpine nature the idea was born to offer the perfect equipment for your outdoor experience - high quality, functional, uncomplicated and sustainably produced. The fun on the slopes is also at its best when the equipment is TOP in shape. Grind edges, repair base, wax and polish, ...<\/p>\n<ul class=\"ul1\">\n<li class=\"li1\">You are looking for? We find the perfect service for you with Montana Challenge.<\/li>\n<li class=\"li1\">Does the shoe pinch? We fit your ski boot individually.<\/li>\n<li class=\"li1\">TOP rental for skis, cross-country skis, touring skis &amp; snowboards, as well as helmets, toboggans, Zipflbobs.<\/li>\n<\/ul>\n<\/div>\n<\/div><\/div><\/div><\/div><\/div><div id=\"pg-2061-2\"  class=\"panel-grid panel-has-style\" ><div class=\"content-section panel-row-style panel-row-style-for-2061-2\" id=\"unserTeam\" ><div id=\"pgc-2061-2-0\"  class=\"panel-grid-cell\" ><div id=\"panel-2061-2-0-0\" class=\"so-panel widget widget_sow-editor panel-first-child\" data-index=\"3\" ><div class=\"panel-widget-style panel-widget-style-for-2061-2-0-0\" ><div\n\t\t\t\n\t\t\tclass=\"so-widget-sow-editor so-widget-sow-editor-base\"\n\t\t\t\n\t\t>\n<div class=\"siteorigin-widget-tinymce textwidget\">\n\t<h2>HONEST ADVICE HAS STYLE<\/h2>\n<p>Our team consists of mountain enthusiasts who love to be outside in their free time - hiking, biking, skiing or just enjoying nature. They know exactly when a jacket should be waterproof and what really matters at -20 \u00b0 C. Means: With us, everyone speaks from experience and can therefore advise you first-class and authentic.<\/p>\n<\/div>\n<\/div><\/div><\/div><div id=\"panel-2061-2-0-1\" class=\"so-panel widget widget_siteorigin-panels-builder panel-last-child\" data-index=\"4\" ><div class=\"team panel-widget-style panel-widget-style-for-2061-2-0-1\" ><div id=\"pl-w637356832d0d6\"  class=\"panel-layout\" ><div id=\"pg-w637356832d0d6-0\"  class=\"panel-grid panel-no-style\" ><div id=\"pgc-w637356832d0d6-0-0\"  class=\"panel-grid-cell\" ><div id=\"panel-w637356832d0d6-0-0-0\" class=\"so-panel widget widget_sow-image panel-first-child panel-last-child\" data-index=\"0\" ><div\n\t\t\t\n\t\t\tclass=\"so-widget-sow-image so-widget-sow-image-default-dbf295114b96\"\n\t\t\t\n\t\t>\n<div class=\"sow-image-container\">\n\t\t<img \n\tsrc=\"https:\/\/www.stailerai.at\/wp-content\/uploads\/2017\/12\/stefan.jpg\" width=\"360\" height=\"360\" srcset=\"https:\/\/www.stailerai.at\/wp-content\/uploads\/2017\/12\/stefan.jpg 360w, https:\/\/www.stailerai.at\/wp-content\/uploads\/2017\/12\/stefan-150x150.jpg 150w, https:\/\/www.stailerai.at\/wp-content\/uploads\/2017\/12\/stefan-300x300.jpg 300w\" sizes=\"(max-width: 360px) 100vw, 360px\" alt=\"\" \t\tclass=\"so-widget-image\"\/>\n\t<\/div>\n\n<\/div><\/div><\/div><div id=\"pgc-w637356832d0d6-0-1\"  class=\"panel-grid-cell\" ><div id=\"panel-w637356832d0d6-0-1-0\" class=\"so-panel widget widget_sow-editor panel-first-child panel-last-child\" data-index=\"1\" ><div\n\t\t\t\n\t\t\tclass=\"so-widget-sow-editor so-widget-sow-editor-base\"\n\t\t\t\n\t\t>\n<div class=\"siteorigin-widget-tinymce textwidget\">\n\t<h3>STEFAN \u2013 Chef, Owner &amp; Allrounder<\/h3>\n<p>The former triathlete and dad turns his passion into a profession. A courageous step! In summer Stefan focuses on running shoe analysis &amp; in winter he wants to inspire customers - with new interesting brands that are functional and stand for understatement at honest prices.<\/p>\n<\/div>\n<\/div><\/div><\/div><\/div><div id=\"pg-w637356832d0d6-1\"  class=\"panel-grid panel-no-style\" ><div id=\"pgc-w637356832d0d6-1-0\"  class=\"panel-grid-cell\" ><div id=\"panel-w637356832d0d6-1-0-0\" class=\"so-panel widget widget_sow-editor panel-first-child panel-last-child\" data-index=\"2\" ><div\n\t\t\t\n\t\t\tclass=\"so-widget-sow-editor so-widget-sow-editor-base\"\n\t\t\t\n\t\t>\n<div class=\"siteorigin-widget-tinymce textwidget\">\n\t<h3>ELISABETH \u2013 Accounting, purchasing, consulting sales<\/h3>\n<p>The mommy of two girls is in love with mountains and nature. She supports her husband Stefan with enthusiasm in the Stailerai.<\/p>\n<\/div>\n<\/div><\/div><\/div><div id=\"pgc-w637356832d0d6-1-1\"  class=\"panel-grid-cell\" ><div id=\"panel-w637356832d0d6-1-1-0\" class=\"so-panel widget widget_sow-image panel-first-child panel-last-child\" data-index=\"3\" ><div\n\t\t\t\n\t\t\tclass=\"so-widget-sow-image so-widget-sow-image-default-dbf295114b96\"\n\t\t\t\n\t\t>\n<div class=\"sow-image-container\">\n\t\t<img \n\tsrc=\"https:\/\/www.stailerai.at\/wp-content\/uploads\/2017\/12\/elisabeth.jpg\" width=\"360\" height=\"360\" srcset=\"https:\/\/www.stailerai.at\/wp-content\/uploads\/2017\/12\/elisabeth.jpg 360w, https:\/\/www.stailerai.at\/wp-content\/uploads\/2017\/12\/elisabeth-150x150.jpg 150w, https:\/\/www.stailerai.at\/wp-content\/uploads\/2017\/12\/elisabeth-300x300.jpg 300w\" sizes=\"(max-width: 360px) 100vw, 360px\" alt=\"\" \t\tclass=\"so-widget-image\"\/>\n\t<\/div>\n\n<\/div><\/div><\/div><\/div><div id=\"pg-w637356832d0d6-2\"  class=\"panel-grid panel-no-style\" ><div id=\"pgc-w637356832d0d6-2-0\"  class=\"panel-grid-cell\" ><div id=\"panel-w637356832d0d6-2-0-0\" class=\"so-panel widget widget_sow-image panel-first-child panel-last-child\" data-index=\"4\" ><div\n\t\t\t\n\t\t\tclass=\"so-widget-sow-image so-widget-sow-image-default-dbf295114b96\"\n\t\t\t\n\t\t>\n<div class=\"sow-image-container\">\n\t\t<img \n\tsrc=\"https:\/\/www.stailerai.at\/wp-content\/uploads\/2017\/12\/01.jpg\" width=\"360\" height=\"360\" srcset=\"https:\/\/www.stailerai.at\/wp-content\/uploads\/2017\/12\/01.jpg 360w, https:\/\/www.stailerai.at\/wp-content\/uploads\/2017\/12\/01-150x150.jpg 150w, https:\/\/www.stailerai.at\/wp-content\/uploads\/2017\/12\/01-300x300.jpg 300w\" sizes=\"(max-width: 360px) 100vw, 360px\" alt=\"\" \t\tclass=\"so-widget-image\"\/>\n\t<\/div>\n\n<\/div><\/div><\/div><div id=\"pgc-w637356832d0d6-2-1\"  class=\"panel-grid-cell\" ><div id=\"panel-w637356832d0d6-2-1-0\" class=\"so-panel widget widget_sow-editor panel-first-child panel-last-child\" data-index=\"5\" ><div\n\t\t\t\n\t\t\tclass=\"so-widget-sow-editor so-widget-sow-editor-base\"\n\t\t\t\n\t\t>\n<div class=\"siteorigin-widget-tinymce textwidget\">\n\t<h3>MICHAEL \u2013 Rental and service, advice, sale<\/h3>\n<p>With his easy Tyrolean Schm\u00e4h \"Mich\" advises professionally &amp; competently. His hobbyhorse is \"ski sharpening &amp; waxing\" - with love for sharpening.<\/p>\n<\/div>\n<\/div><\/div><\/div><\/div><div id=\"pg-w637356832d0d6-3\"  class=\"panel-grid panel-no-style\" ><div id=\"pgc-w637356832d0d6-3-0\"  class=\"panel-grid-cell\" ><div id=\"panel-w637356832d0d6-3-0-0\" class=\"so-panel widget widget_sow-editor panel-first-child panel-last-child\" data-index=\"6\" ><div\n\t\t\t\n\t\t\tclass=\"so-widget-sow-editor so-widget-sow-editor-base\"\n\t\t\t\n\t\t>\n<div class=\"siteorigin-widget-tinymce textwidget\">\n\t<h3>Christian \u2013 Sale, advice, boot fitting, rental<\/h3>\n<p>Christian joins our team since the winter 2018\/2019, using the latest techniques in bootfitting, which he refined in 2019 at Tecnica's Fitlab.<\/p>\n<\/div>\n<\/div><\/div><\/div><div id=\"pgc-w637356832d0d6-3-1\"  class=\"panel-grid-cell\" ><div id=\"panel-w637356832d0d6-3-1-0\" class=\"so-panel widget widget_sow-image panel-first-child panel-last-child\" data-index=\"7\" ><div\n\t\t\t\n\t\t\tclass=\"so-widget-sow-image so-widget-sow-image-default-dbf295114b96\"\n\t\t\t\n\t\t>\n<div class=\"sow-image-container\">\n\t\t<img \n\tsrc=\"https:\/\/www.stailerai.at\/wp-content\/uploads\/2020\/01\/Christian-Neuer--rotated.jpg\" width=\"480\" height=\"640\" srcset=\"https:\/\/www.stailerai.at\/wp-content\/uploads\/2020\/01\/Christian-Neuer--rotated.jpg 480w, https:\/\/www.stailerai.at\/wp-content\/uploads\/2020\/01\/Christian-Neuer--225x300.jpg 225w\" sizes=\"(max-width: 480px) 100vw, 480px\" title=\"Christian Neuer\" alt=\"\" \t\tclass=\"so-widget-image\"\/>\n\t<\/div>\n\n<\/div><\/div><\/div><\/div><\/div><\/div><\/div><\/div><\/div><\/div><div id=\"pg-2061-3\"  class=\"panel-grid panel-has-style\" ><div class=\"siteorigin-panels-stretch panel-row-style panel-row-style-for-2061-3\" data-stretch-type=\"full-stretched\" ><div id=\"pgc-2061-3-0\"  class=\"panel-grid-cell\" ><div id=\"panel-2061-3-0-0\" class=\"so-panel widget widget_sow-editor panel-first-child panel-last-child\" data-index=\"5\" ><div id=\"kontakt\" class=\"panel-widget-style panel-widget-style-for-2061-3-0-0\" ><div\n\t\t\t\n\t\t\tclass=\"so-widget-sow-editor so-widget-sow-editor-base\"\n\t\t\t\n\t\t>\n<div class=\"siteorigin-widget-tinymce textwidget\">\n\t<div id=\"carouselStartseite\" class=\"carousel slide\" data-ride=\"carousel\">\r\n    <ol class=\"carousel-indicators\">\r\n                                    <li data-target=\"#carouselStartseite\" class=\"active\">\r\n                    1 \/ 2                <\/li>\r\n                            <li data-target=\"#carouselStartseite\" class=\"\">\r\n                    2 \/ 2                <\/li>\r\n                        <\/ol>\r\n    <div class=\"carousel-inner\">\r\n                    <div class=\"carousel-item active\">\r\n                <div class=\"carousel-item-image\" style=\"background-image: url(https:\/\/www.stailerai.at\/wp-content\/uploads\/2017\/12\/Stailerai095.jpg)\"><\/div>\r\n                <div class=\"carousel-caption\">\r\n                    <div class=\"container\">\r\n                        <div class=\"row\">\r\n                            <div class=\"col-sm-7 caption-content\">\r\n                                <h3>SCHNELL ZUSCHLAGEN: -10 % RABATT!<\/h3>\r\n                                <p><p>Noch bis zum 31. Dezember 2017 gilt unser grandioses Er\u00f6ffnungszuckerl: -10 % Rabatt auf jeden Ski-Service und -5 % auf jeden Einkauf! Also schaut\u2019s vorbei! <\/p>\n<\/p>\r\n                            <\/div>\r\n                            <div class=\"col-sm-5 caption-link\">\r\n                                                                    <a href=\"\/Winter\/\" class=\"btn btn-primary inverted\">MORE<\/a>\r\n                                                            <\/div>\r\n                        <\/div>\r\n                    <\/div>\r\n                <\/div>\r\n            <\/div>\r\n                    <div class=\"carousel-item \">\r\n                <div class=\"carousel-item-image\" style=\"background-image: url(https:\/\/www.stailerai.at\/wp-content\/uploads\/2017\/12\/TeamSkischuleOberndorf1.jpg)\"><\/div>\r\n                <div class=\"carousel-caption\">\r\n                    <div class=\"container\">\r\n                        <div class=\"row\">\r\n                            <div class=\"col-sm-7 caption-content\">\r\n                                <h3>Jetzt Skikurs buchen!<\/h3>\r\n                                <p><p class=\"p1\"><span class=\"s1\">Wir freuen uns sehr, dass die Skischule Oberndorf bei uns vertreten ist. Gemeinsam k\u00f6nnen wir Ihnen ein Komplettpaket f\u00fcr unvergessliches Wintervergn\u00fcgen in den Tiroler Bergen schn\u00fcren: Skiverleih und Service von uns \u2013 Technik-Know-how und Training von der Skischule. Jetzt fehlen nur noch Sie. Auf geht\u2019s!<\/span><\/p>\n<\/p>\r\n                            <\/div>\r\n                            <div class=\"col-sm-5 caption-link\">\r\n                                                                    <a href=\"\/skischule\/\" class=\"btn btn-primary inverted\">Mehr davon<\/a>\r\n                                                            <\/div>\r\n                        <\/div>\r\n                    <\/div>\r\n                <\/div>\r\n            <\/div>\r\n                <div id=\"slider-flag\" class=\"flag\"><\/div>\r\n    <\/div>\r\n            <a class=\"carousel-control-prev\" href=\"#carouselStartseite\" role=\"button\" data-slide=\"prev\">\r\n            <span>< zur\u00fcck<\/span>\r\n        <\/a>\r\n        <a class=\"carousel-control-next\" href=\"#carouselStartseite\" role=\"button\" data-slide=\"next\">\r\n            <span>weiter ><\/span> \r\n        <\/a>\r\n    <\/div>\n<\/div>\n<\/div><\/div><\/div><\/div><\/div><\/div><\/div>","protected":false},"excerpt":{"rendered":"<p>About us The Stailerei Our Team 1 \/ 5 2 \/ 5 3 \/ 5 4 \/ 5 5 \/ 5 < zur\u00fcck weiter > WELCOME TO THE STAILERAI Here, on 200 m2, everything revolves around the perfect style for sports &amp; action in the mountain world. From our passion for the alpine nature the [&#8230;]<\/p>\n<p><a class=\"btn btn-secondary understrap-read-more-link\" href=\"https:\/\/www.stailerai.at\/en\/start_slider\/skischule\/\">Read More&#8230;<\/a><\/p>\n","protected":false},"author":9,"featured_media":0,"parent":0,"menu_order":0,"comment_status":"closed","ping_status":"closed","template":"","meta":{"_exactmetrics_skip_tracking":false,"_exactmetrics_sitenote_active":false,"_exactmetrics_sitenote_note":"","_exactmetrics_sitenote_category":0,"_themeisle_gutenberg_block_has_review":false,"footnotes":""},"class_list":["post-2061","page","type-page","status-publish","hentry"],"acf":[],"yoast_head":"<!-- This site is optimized with the Yoast SEO plugin v26.5 - https:\/\/yoast.com\/wordpress\/plugins\/seo\/ -->\n<title>\u00dcber uns - Stailerai<\/title>\n<meta name=\"robots\" content=\"index, follow, max-snippet:-1, max-image-preview:large, max-video-preview:-1\" \/>\n<link rel=\"canonical\" href=\"https:\/\/www.stailerai.at\/ueber-uns\/?lang=en\" \/>\n<meta property=\"og:locale\" content=\"en_US\" \/>\n<meta property=\"og:type\" content=\"article\" \/>\n<meta property=\"og:title\" content=\"\u00dcber uns - Stailerai\" \/>\n<meta property=\"og:description\" content=\"About us The Stailerei Our Team 1 \/ 5 2 \/ 5 3 \/ 5 4 \/ 5 5 \/ 5 &lt; zur\u00fcck weiter &gt; WELCOME TO THE STAILERAI Here, on 200 m2, everything revolves around the perfect style for sports &amp; action in the mountain world. From our passion for the alpine nature the [...]Read More...\" \/>\n<meta property=\"og:url\" content=\"https:\/\/www.stailerai.at\/ueber-uns\/?lang=en\" \/>\n<meta property=\"og:site_name\" content=\"Stailerai\" \/>\n<meta property=\"article:publisher\" content=\"https:\/\/www.facebook.com\/Stailerai\" \/>\n<meta property=\"article:modified_time\" content=\"2022-11-15T09:06:11+00:00\" \/>\n<meta name=\"twitter:card\" content=\"summary_large_image\" \/>\n<meta name=\"twitter:label1\" content=\"Est. reading time\" \/>\n\t<meta name=\"twitter:data1\" content=\"2 minutes\" \/>\n<script type=\"application\/ld+json\" class=\"yoast-schema-graph\">{\"@context\":\"https:\/\/schema.org\",\"@graph\":[{\"@type\":\"WebPage\",\"@id\":\"https:\/\/www.stailerai.at\/ueber-uns\/?lang=en\",\"url\":\"https:\/\/www.stailerai.at\/ueber-uns\/?lang=en\",\"name\":\"\u00dcber uns - Stailerai\",\"isPartOf\":{\"@id\":\"https:\/\/www.stailerai.at\/#website\"},\"datePublished\":\"2022-11-15T09:06:10+00:00\",\"dateModified\":\"2022-11-15T09:06:11+00:00\",\"breadcrumb\":{\"@id\":\"https:\/\/www.stailerai.at\/ueber-uns\/?lang=en#breadcrumb\"},\"inLanguage\":\"en-US\",\"potentialAction\":[{\"@type\":\"ReadAction\",\"target\":[\"https:\/\/www.stailerai.at\/ueber-uns\/?lang=en\"]}]},{\"@type\":\"BreadcrumbList\",\"@id\":\"https:\/\/www.stailerai.at\/ueber-uns\/?lang=en#breadcrumb\",\"itemListElement\":[{\"@type\":\"ListItem\",\"position\":1,\"name\":\"Startseite\",\"item\":\"https:\/\/www.stailerai.at\/en\/\"},{\"@type\":\"ListItem\",\"position\":2,\"name\":\"\u00dcber uns\"}]},{\"@type\":\"WebSite\",\"@id\":\"https:\/\/www.stailerai.at\/#website\",\"url\":\"https:\/\/www.stailerai.at\/\",\"name\":\"Stailerai\",\"description\":\"Sport mit Style\",\"potentialAction\":[{\"@type\":\"SearchAction\",\"target\":{\"@type\":\"EntryPoint\",\"urlTemplate\":\"https:\/\/www.stailerai.at\/?s={search_term_string}\"},\"query-input\":{\"@type\":\"PropertyValueSpecification\",\"valueRequired\":true,\"valueName\":\"search_term_string\"}}],\"inLanguage\":\"en-US\"}]}<\/script>\n<!-- \/ Yoast SEO plugin. -->","yoast_head_json":{"title":"\u00dcber uns - Stailerai","robots":{"index":"index","follow":"follow","max-snippet":"max-snippet:-1","max-image-preview":"max-image-preview:large","max-video-preview":"max-video-preview:-1"},"canonical":"https:\/\/www.stailerai.at\/ueber-uns\/?lang=en","og_locale":"en_US","og_type":"article","og_title":"\u00dcber uns - Stailerai","og_description":"About us The Stailerei Our Team 1 \/ 5 2 \/ 5 3 \/ 5 4 \/ 5 5 \/ 5 < zur\u00fcck weiter > WELCOME TO THE STAILERAI Here, on 200 m2, everything revolves around the perfect style for sports &amp; action in the mountain world. From our passion for the alpine nature the [...]Read More...","og_url":"https:\/\/www.stailerai.at\/ueber-uns\/?lang=en","og_site_name":"Stailerai","article_publisher":"https:\/\/www.facebook.com\/Stailerai","article_modified_time":"2022-11-15T09:06:11+00:00","twitter_card":"summary_large_image","twitter_misc":{"Est. reading time":"2 minutes"},"schema":{"@context":"https:\/\/schema.org","@graph":[{"@type":"WebPage","@id":"https:\/\/www.stailerai.at\/ueber-uns\/?lang=en","url":"https:\/\/www.stailerai.at\/ueber-uns\/?lang=en","name":"\u00dcber uns - Stailerai","isPartOf":{"@id":"https:\/\/www.stailerai.at\/#website"},"datePublished":"2022-11-15T09:06:10+00:00","dateModified":"2022-11-15T09:06:11+00:00","breadcrumb":{"@id":"https:\/\/www.stailerai.at\/ueber-uns\/?lang=en#breadcrumb"},"inLanguage":"en-US","potentialAction":[{"@type":"ReadAction","target":["https:\/\/www.stailerai.at\/ueber-uns\/?lang=en"]}]},{"@type":"BreadcrumbList","@id":"https:\/\/www.stailerai.at\/ueber-uns\/?lang=en#breadcrumb","itemListElement":[{"@type":"ListItem","position":1,"name":"Startseite","item":"https:\/\/www.stailerai.at\/en\/"},{"@type":"ListItem","position":2,"name":"\u00dcber uns"}]},{"@type":"WebSite","@id":"https:\/\/www.stailerai.at\/#website","url":"https:\/\/www.stailerai.at\/","name":"Stailerai","description":"Sport mit Style","potentialAction":[{"@type":"SearchAction","target":{"@type":"EntryPoint","urlTemplate":"https:\/\/www.stailerai.at\/?s={search_term_string}"},"query-input":{"@type":"PropertyValueSpecification","valueRequired":true,"valueName":"search_term_string"}}],"inLanguage":"en-US"}]}},"_links":{"self":[{"href":"https:\/\/www.stailerai.at\/en\/wp-json\/wp\/v2\/pages\/2061","targetHints":{"allow":["GET"]}}],"collection":[{"href":"https:\/\/www.stailerai.at\/en\/wp-json\/wp\/v2\/pages"}],"about":[{"href":"https:\/\/www.stailerai.at\/en\/wp-json\/wp\/v2\/types\/page"}],"author":[{"embeddable":true,"href":"https:\/\/www.stailerai.at\/en\/wp-json\/wp\/v2\/users\/9"}],"replies":[{"embeddable":true,"href":"https:\/\/www.stailerai.at\/en\/wp-json\/wp\/v2\/comments?post=2061"}],"version-history":[{"count":2,"href":"https:\/\/www.stailerai.at\/en\/wp-json\/wp\/v2\/pages\/2061\/revisions"}],"predecessor-version":[{"id":2063,"href":"https:\/\/www.stailerai.at\/en\/wp-json\/wp\/v2\/pages\/2061\/revisions\/2063"}],"wp:attachment":[{"href":"https:\/\/www.stailerai.at\/en\/wp-json\/wp\/v2\/media?parent=2061"}],"curies":[{"name":"wp","href":"https:\/\/api.w.org\/{rel}","templated":true}]}}