{"id":2040,"date":"2022-11-15T08:42:41","date_gmt":"2022-11-15T08:42:41","guid":{"rendered":"https:\/\/www.stailerai.at\/?page_id=2040"},"modified":"2022-11-15T08:42:42","modified_gmt":"2022-11-15T08:42:42","slug":"aktuelles","status":"publish","type":"page","link":"https:\/\/www.stailerai.at\/en\/aktuelles\/","title":{"rendered":"Aktuelles"},"content":{"rendered":"<div id=\"pl-2040\"  class=\"panel-layout\" ><div id=\"pg-2040-0\"  class=\"panel-grid panel-has-style\" ><div class=\"content-section panel-row-style panel-row-style-for-2040-0\" id=\"unserTeam\" ><div id=\"pgc-2040-0-0\"  class=\"panel-grid-cell\" ><div id=\"panel-2040-0-0-0\" class=\"so-panel widget widget_sow-editor panel-first-child panel-last-child\" data-index=\"0\" ><div class=\"panel-widget-style panel-widget-style-for-2040-0-0-0\" ><div\n\t\t\t\n\t\t\tclass=\"so-widget-sow-editor so-widget-sow-editor-base\"\n\t\t\t\n\t\t>\n<div class=\"siteorigin-widget-tinymce textwidget\">\n\t<h2>HONEST ADVICE HAS STYLE<\/h2>\n<p>Our team consists of mountain enthusiasts who love to be outside in their free time - hiking, biking, skiing or just enjoying nature. They know exactly when a jacket should be waterproof and what really matters at -20 \u00b0 C. Means: With us, everyone speaks from experience and can therefore advise you first-class and authentic.<\/p>\n<\/div>\n<\/div><\/div><\/div><\/div><\/div><\/div><div id=\"pg-2040-1\"  class=\"panel-grid panel-has-style\" ><div class=\"content-section slider siteorigin-panels-stretch panel-row-style panel-row-style-for-2040-1\" id=\"aktuelles\" data-stretch-type=\"full-stretched\" ><div id=\"pgc-2040-1-0\"  class=\"panel-grid-cell\" ><div id=\"panel-2040-1-0-0\" class=\"so-panel widget widget_text panel-first-child panel-last-child\" data-index=\"1\" >\t\t\t<div class=\"textwidget\"><div class=\"over-slider\">\r\n    <div class=\"container\">\r\n        <div class=\"row title\">\r\n            <div class=\"col-sm-12\">\r\n                <h2>ALWAYS STAY UP TO DATE<\/h2>\r\n            <\/div>\r\n        <\/div>\r\n    <\/div>\r\n    <div class=\"container\">\r\n        <div class=\"row slides\">\r\n                            <div class=\"col-sm-12 slide active\" data-slide-to=\"0\">\r\n                    <div class=\"slide-wrapper\">\r\n                        <div class=\"slide-image\" style=\"background-image: url(https:\/\/www.stailerai.at\/wp-content\/uploads\/2017\/12\/Bildschirmfoto-2017-12-04-um-11.12.05.png)\"><\/div>\r\n                        <div class=\"slide-caption\">\r\n                            <h3>STAY TUNED<\/h3>\r\n                            <p>?!<\/p>\n                        <\/div>\r\n                    <\/div>\r\n                <\/div>\r\n                    <\/div>\r\n        <div class=\"slider-index\">\r\n            <span id=\"slide-current-index\">1<\/span> \/ 1        <\/div>\r\n    <\/div>\r\n<\/div>\n<\/div>\n\t\t<\/div><\/div><\/div><\/div><div id=\"pg-2040-2\"  class=\"panel-grid panel-has-style\" ><div class=\"siteorigin-panels-stretch panel-row-style panel-row-style-for-2040-2\" data-stretch-type=\"full-stretched\" ><div id=\"pgc-2040-2-0\"  class=\"panel-grid-cell\" ><div id=\"panel-2040-2-0-0\" class=\"so-panel widget widget_sow-editor panel-first-child panel-last-child\" data-index=\"2\" ><div\n\t\t\t\n\t\t\tclass=\"so-widget-sow-editor so-widget-sow-editor-base\"\n\t\t\t\n\t\t>\n<div class=\"siteorigin-widget-tinymce textwidget\">\n\t<div id=\"carouselStartseite\" class=\"carousel slide\" data-ride=\"carousel\">\r\n    <ol class=\"carousel-indicators\">\r\n                                    <li data-target=\"#carouselStartseite\" class=\"active\">\r\n                    1 \/ 2                <\/li>\r\n                            <li data-target=\"#carouselStartseite\" class=\"\">\r\n                    2 \/ 2                <\/li>\r\n                        <\/ol>\r\n    <div class=\"carousel-inner\">\r\n                    <div class=\"carousel-item active\">\r\n                <div class=\"carousel-item-image\" style=\"background-image: url(https:\/\/www.stailerai.at\/wp-content\/uploads\/2017\/12\/Stailerai095.jpg)\"><\/div>\r\n                <div class=\"carousel-caption\">\r\n                    <div class=\"container\">\r\n                        <div class=\"row\">\r\n                            <div class=\"col-sm-7 caption-content\">\r\n                                <h3>SCHNELL ZUSCHLAGEN: -10 % RABATT!<\/h3>\r\n                                <p><p>Noch bis zum 31. Dezember 2017 gilt unser grandioses Er\u00f6ffnungszuckerl: -10 % Rabatt auf jeden Ski-Service und -5 % auf jeden Einkauf! Also schaut\u2019s vorbei! <\/p>\n<\/p>\r\n                            <\/div>\r\n                            <div class=\"col-sm-5 caption-link\">\r\n                                                                    <a href=\"\/Winter\/\" class=\"btn btn-primary inverted\">MORE<\/a>\r\n                                                            <\/div>\r\n                        <\/div>\r\n                    <\/div>\r\n                <\/div>\r\n            <\/div>\r\n                    <div class=\"carousel-item \">\r\n                <div class=\"carousel-item-image\" style=\"background-image: url(https:\/\/www.stailerai.at\/wp-content\/uploads\/2017\/12\/TeamSkischuleOberndorf1.jpg)\"><\/div>\r\n                <div class=\"carousel-caption\">\r\n                    <div class=\"container\">\r\n                        <div class=\"row\">\r\n                            <div class=\"col-sm-7 caption-content\">\r\n                                <h3>Jetzt Skikurs buchen!<\/h3>\r\n                                <p><p class=\"p1\"><span class=\"s1\">Wir freuen uns sehr, dass die Skischule Oberndorf bei uns vertreten ist. Gemeinsam k\u00f6nnen wir Ihnen ein Komplettpaket f\u00fcr unvergessliches Wintervergn\u00fcgen in den Tiroler Bergen schn\u00fcren: Skiverleih und Service von uns \u2013 Technik-Know-how und Training von der Skischule. Jetzt fehlen nur noch Sie. Auf geht\u2019s!<\/span><\/p>\n<\/p>\r\n                            <\/div>\r\n                            <div class=\"col-sm-5 caption-link\">\r\n                                                                    <a href=\"\/skischule\/\" class=\"btn btn-primary inverted\">Mehr davon<\/a>\r\n                                                            <\/div>\r\n                        <\/div>\r\n                    <\/div>\r\n                <\/div>\r\n            <\/div>\r\n                <div id=\"slider-flag\" class=\"flag\"><\/div>\r\n    <\/div>\r\n            <a class=\"carousel-control-prev\" href=\"#carouselStartseite\" role=\"button\" data-slide=\"prev\">\r\n            <span>< zur\u00fcck<\/span>\r\n        <\/a>\r\n        <a class=\"carousel-control-next\" href=\"#carouselStartseite\" role=\"button\" data-slide=\"next\">\r\n            <span>weiter ><\/span> \r\n        <\/a>\r\n    <\/div>\n<\/div>\n<\/div><\/div><\/div><\/div><\/div><\/div>","protected":false},"excerpt":{"rendered":"<p>HONEST ADVICE HAS STYLE Our team consists of mountain enthusiasts who love to be outside in their free time &#8211; hiking, biking, skiing or just enjoying nature. They know exactly when a jacket should be waterproof and what really matters at -20 \u00b0 C. Means: With us, everyone speaks from experience and can therefore advise [&#8230;]<\/p>\n<p><a class=\"btn btn-secondary understrap-read-more-link\" href=\"https:\/\/www.stailerai.at\/en\/start_slider\/skischule\/\">Read More&#8230;<\/a><\/p>\n","protected":false},"author":9,"featured_media":0,"parent":0,"menu_order":0,"comment_status":"closed","ping_status":"closed","template":"","meta":{"_exactmetrics_skip_tracking":false,"_exactmetrics_sitenote_active":false,"_exactmetrics_sitenote_note":"","_exactmetrics_sitenote_category":0,"_themeisle_gutenberg_block_has_review":false,"footnotes":""},"class_list":["post-2040","page","type-page","status-publish","hentry"],"acf":[],"yoast_head":"<!-- This site is optimized with the Yoast SEO plugin v26.5 - https:\/\/yoast.com\/wordpress\/plugins\/seo\/ -->\n<title>Aktuelles - Stailerai<\/title>\n<meta name=\"robots\" content=\"index, follow, max-snippet:-1, max-image-preview:large, max-video-preview:-1\" \/>\n<link rel=\"canonical\" href=\"https:\/\/www.stailerai.at\/aktuelles\/?lang=en\" \/>\n<meta property=\"og:locale\" content=\"en_US\" \/>\n<meta property=\"og:type\" content=\"article\" \/>\n<meta property=\"og:title\" content=\"Aktuelles - Stailerai\" \/>\n<meta property=\"og:description\" content=\"HONEST ADVICE HAS STYLE Our team consists of mountain enthusiasts who love to be outside in their free time &#8211; hiking, biking, skiing or just enjoying nature. They know exactly when a jacket should be waterproof and what really matters at -20 \u00b0 C. Means: With us, everyone speaks from experience and can therefore advise [...]Read More...\" \/>\n<meta property=\"og:url\" content=\"https:\/\/www.stailerai.at\/aktuelles\/?lang=en\" \/>\n<meta property=\"og:site_name\" content=\"Stailerai\" \/>\n<meta property=\"article:publisher\" content=\"https:\/\/www.facebook.com\/Stailerai\" \/>\n<meta property=\"article:modified_time\" content=\"2022-11-15T08:42:42+00:00\" \/>\n<meta name=\"twitter:card\" content=\"summary_large_image\" \/>\n<meta name=\"twitter:label1\" content=\"Est. reading time\" \/>\n\t<meta name=\"twitter:data1\" content=\"1 minute\" \/>\n<script type=\"application\/ld+json\" class=\"yoast-schema-graph\">{\"@context\":\"https:\/\/schema.org\",\"@graph\":[{\"@type\":\"WebPage\",\"@id\":\"https:\/\/www.stailerai.at\/aktuelles\/?lang=en\",\"url\":\"https:\/\/www.stailerai.at\/aktuelles\/?lang=en\",\"name\":\"Aktuelles - Stailerai\",\"isPartOf\":{\"@id\":\"https:\/\/www.stailerai.at\/#website\"},\"datePublished\":\"2022-11-15T08:42:41+00:00\",\"dateModified\":\"2022-11-15T08:42:42+00:00\",\"breadcrumb\":{\"@id\":\"https:\/\/www.stailerai.at\/aktuelles\/?lang=en#breadcrumb\"},\"inLanguage\":\"en-US\",\"potentialAction\":[{\"@type\":\"ReadAction\",\"target\":[\"https:\/\/www.stailerai.at\/aktuelles\/?lang=en\"]}]},{\"@type\":\"BreadcrumbList\",\"@id\":\"https:\/\/www.stailerai.at\/aktuelles\/?lang=en#breadcrumb\",\"itemListElement\":[{\"@type\":\"ListItem\",\"position\":1,\"name\":\"Startseite\",\"item\":\"https:\/\/www.stailerai.at\/en\/\"},{\"@type\":\"ListItem\",\"position\":2,\"name\":\"Aktuelles\"}]},{\"@type\":\"WebSite\",\"@id\":\"https:\/\/www.stailerai.at\/#website\",\"url\":\"https:\/\/www.stailerai.at\/\",\"name\":\"Stailerai\",\"description\":\"Sport mit Style\",\"potentialAction\":[{\"@type\":\"SearchAction\",\"target\":{\"@type\":\"EntryPoint\",\"urlTemplate\":\"https:\/\/www.stailerai.at\/?s={search_term_string}\"},\"query-input\":{\"@type\":\"PropertyValueSpecification\",\"valueRequired\":true,\"valueName\":\"search_term_string\"}}],\"inLanguage\":\"en-US\"}]}<\/script>\n<!-- \/ Yoast SEO plugin. -->","yoast_head_json":{"title":"Aktuelles - Stailerai","robots":{"index":"index","follow":"follow","max-snippet":"max-snippet:-1","max-image-preview":"max-image-preview:large","max-video-preview":"max-video-preview:-1"},"canonical":"https:\/\/www.stailerai.at\/aktuelles\/?lang=en","og_locale":"en_US","og_type":"article","og_title":"Aktuelles - Stailerai","og_description":"HONEST ADVICE HAS STYLE Our team consists of mountain enthusiasts who love to be outside in their free time &#8211; hiking, biking, skiing or just enjoying nature. They know exactly when a jacket should be waterproof and what really matters at -20 \u00b0 C. Means: With us, everyone speaks from experience and can therefore advise [...]Read More...","og_url":"https:\/\/www.stailerai.at\/aktuelles\/?lang=en","og_site_name":"Stailerai","article_publisher":"https:\/\/www.facebook.com\/Stailerai","article_modified_time":"2022-11-15T08:42:42+00:00","twitter_card":"summary_large_image","twitter_misc":{"Est. reading time":"1 minute"},"schema":{"@context":"https:\/\/schema.org","@graph":[{"@type":"WebPage","@id":"https:\/\/www.stailerai.at\/aktuelles\/?lang=en","url":"https:\/\/www.stailerai.at\/aktuelles\/?lang=en","name":"Aktuelles - Stailerai","isPartOf":{"@id":"https:\/\/www.stailerai.at\/#website"},"datePublished":"2022-11-15T08:42:41+00:00","dateModified":"2022-11-15T08:42:42+00:00","breadcrumb":{"@id":"https:\/\/www.stailerai.at\/aktuelles\/?lang=en#breadcrumb"},"inLanguage":"en-US","potentialAction":[{"@type":"ReadAction","target":["https:\/\/www.stailerai.at\/aktuelles\/?lang=en"]}]},{"@type":"BreadcrumbList","@id":"https:\/\/www.stailerai.at\/aktuelles\/?lang=en#breadcrumb","itemListElement":[{"@type":"ListItem","position":1,"name":"Startseite","item":"https:\/\/www.stailerai.at\/en\/"},{"@type":"ListItem","position":2,"name":"Aktuelles"}]},{"@type":"WebSite","@id":"https:\/\/www.stailerai.at\/#website","url":"https:\/\/www.stailerai.at\/","name":"Stailerai","description":"Sport mit Style","potentialAction":[{"@type":"SearchAction","target":{"@type":"EntryPoint","urlTemplate":"https:\/\/www.stailerai.at\/?s={search_term_string}"},"query-input":{"@type":"PropertyValueSpecification","valueRequired":true,"valueName":"search_term_string"}}],"inLanguage":"en-US"}]}},"_links":{"self":[{"href":"https:\/\/www.stailerai.at\/en\/wp-json\/wp\/v2\/pages\/2040","targetHints":{"allow":["GET"]}}],"collection":[{"href":"https:\/\/www.stailerai.at\/en\/wp-json\/wp\/v2\/pages"}],"about":[{"href":"https:\/\/www.stailerai.at\/en\/wp-json\/wp\/v2\/types\/page"}],"author":[{"embeddable":true,"href":"https:\/\/www.stailerai.at\/en\/wp-json\/wp\/v2\/users\/9"}],"replies":[{"embeddable":true,"href":"https:\/\/www.stailerai.at\/en\/wp-json\/wp\/v2\/comments?post=2040"}],"version-history":[{"count":1,"href":"https:\/\/www.stailerai.at\/en\/wp-json\/wp\/v2\/pages\/2040\/revisions"}],"predecessor-version":[{"id":2041,"href":"https:\/\/www.stailerai.at\/en\/wp-json\/wp\/v2\/pages\/2040\/revisions\/2041"}],"wp:attachment":[{"href":"https:\/\/www.stailerai.at\/en\/wp-json\/wp\/v2\/media?parent=2040"}],"curies":[{"name":"wp","href":"https:\/\/api.w.org\/{rel}","templated":true}]}}